{"id":93,"date":"2021-05-06T19:25:16","date_gmt":"2021-05-06T19:25:16","guid":{"rendered":"https:\/\/www.vom-wylerhof.ch\/?page_id=93"},"modified":"2021-06-09T14:46:19","modified_gmt":"2021-06-09T14:46:19","slug":"kontakt","status":"publish","type":"page","link":"https:\/\/www.vom-wylerhof.ch\/fr\/kontakt\/","title":{"rendered":"Contact"},"content":{"rendered":"\n<h3 class=\"wp-block-heading\">Contact<\/h3>\n\n\n\n<style>#jtg-154 .modula-item .jtg-social a, .lightbox-socials.jtg-social a{ fill: #ffffff; color: #ffffff }#jtg-154 .modula-item .jtg-social-mobile a{ fill: #ffffff; color: #ffffff }#jtg-154 .modula-item .jtg-social svg, .lightbox-socials.jtg-social svg { height: 16px; width: 16px }#jtg-154 .modula-item .jtg-social-mobile svg { height: 16px; width: 16px }#jtg-154 .modula-item .jtg-social a:not(:last-child), .lightbox-socials.jtg-social a:not(:last-child) { margin-right: 10px }#jtg-154 .modula-item .jtg-social-mobile .jtg-social-mobile-icons a:not(:last-child){ margin-right: 10px }#jtg-154 .modula-item .figc {color:#ffffff;}#jtg-154 .modula-item .figc .jtg-title {  font-size: 14px; }#jtg-154 .modula-item .modula-item-content { transform: scale(1) }#jtg-154 { width:100%;}#jtg-154 .modula-items .figc p.description { font-size:16px; }#jtg-154 .modula-items .figc p.description { color:#ffffff;}#jtg-154.modula-gallery .modula-item > a, #jtg-154.modula-gallery .modula-item, #jtg-154.modula-gallery .modula-item-content > a:not(.modula-no-follow) { cursor:zoom-in; } #jtg-154.modula-gallery .modula-item-content .modula-no-follow { cursor: default; } #jtg-154.modula-gallery .modula-item, #jtg-154.modula-gallery .modula-grid-sizer { width: calc(50% - 5px) ; } @media (min-width: 768px) and (max-width:992px) { html body #jtg-154.modula-gallery .modula-item, html body  #jtg-154.modula-gallery .modula-grid-sizer {width: calc(50% - 5px ) ; } }@media (max-width: 768px) { html body #jtg-154.modula-gallery .modula-item, html body  #jtg-154.modula-gallery .modula-grid-sizer {width: calc(50% - 5px ) ; } }#jtg-154 .modula-items{position:relative;}@media screen and (max-width:480px){#jtg-154 .modula-item .figc .jtg-title {  font-size: 12px; }#jtg-154 .modula-items .figc p.description { color:#ffffff;font-size:12px; }}#jtg-154 .modula-items .modula-item:hover img{opacity:1;}<\/style>\n<div  id=\"jtg-154\" class=\"modula modula-gallery modula-columns\" data-config=\"{&quot;tabletHeight&quot;:800,&quot;mobileHeight&quot;:800,&quot;desktopHeight&quot;:800,&quot;enableTwitter&quot;:false,&quot;enableWhatsapp&quot;:false,&quot;enableFacebook&quot;:false,&quot;enablePinterest&quot;:false,&quot;enableLinkedin&quot;:false,&quot;enableEmail&quot;:false,&quot;randomFactor&quot;:0,&quot;type&quot;:&quot;grid&quot;,&quot;columns&quot;:12,&quot;gutter&quot;:10,&quot;mobileGutter&quot;:10,&quot;tabletGutter&quot;:10,&quot;desktopGutter&quot;:10,&quot;enableResponsive&quot;:&quot;0&quot;,&quot;tabletColumns&quot;:2,&quot;mobileColumns&quot;:1,&quot;lazyLoad&quot;:true,&quot;lightboxOpts&quot;:{&quot;animated&quot;:true,&quot;Thumbs&quot;:{&quot;type&quot;:&quot;modern&quot;,&quot;showOnStart&quot;:false},&quot;Toolbar&quot;:{&quot;display&quot;:{&quot;right&quot;:[&quot;close&quot;]},&quot;enabled&quot;:true},&quot;Carousel&quot;:{&quot;Panzoom&quot;:{&quot;touch&quot;:false},&quot;infinite&quot;:false},&quot;keyboard&quot;:{&quot;Escape&quot;:&quot;close&quot;,&quot;Delete&quot;:&quot;close&quot;,&quot;Backspace&quot;:&quot;close&quot;,&quot;PageUp&quot;:false,&quot;PageDown&quot;:false,&quot;ArrowUp&quot;:false,&quot;ArrowDown&quot;:false,&quot;ArrowRight&quot;:false,&quot;ArrowLeft&quot;:false},&quot;touch&quot;:false,&quot;backdropClick&quot;:false,&quot;l10n&quot;:{&quot;CLOSE&quot;:&quot;Close&quot;,&quot;NEXT&quot;:&quot;Next&quot;,&quot;PREV&quot;:&quot;Previous&quot;,&quot;Error&quot;:&quot;The requested content cannot be loaded. Please try again later.&quot;,&quot;PLAY_START&quot;:&quot;Start slideshow&quot;,&quot;PLAY_STOP&quot;:&quot;Pause slideshow&quot;,&quot;FULL_SCREEN&quot;:&quot;Full screen&quot;,&quot;THUMBS&quot;:&quot;Thumbnails&quot;,&quot;DOWNLOAD&quot;:&quot;Download&quot;,&quot;SHARE&quot;:&quot;Share&quot;,&quot;ZOOM&quot;:&quot;Zoom&quot;,&quot;EMAIL&quot;:&quot;Here is the link to the image : %%image_link%% and this is the link to the gallery : %%gallery_link%%&quot;,&quot;MODAL&quot;:&quot;You can close this modal content with the ESC key&quot;,&quot;ERROR&quot;:&quot;Something Went Wrong, Please Try Again Later&quot;,&quot;IMAGE_ERROR&quot;:&quot;Image Not Found&quot;,&quot;ELEMENT_NOT_FOUND&quot;:&quot;HTML Element Not Found&quot;,&quot;AJAX_NOT_FOUND&quot;:&quot;Error Loading AJAX : Not Found&quot;,&quot;AJAX_FORBIDDEN&quot;:&quot;Error Loading AJAX : Forbidden&quot;,&quot;IFRAME_ERROR&quot;:&quot;Error Loading Page&quot;,&quot;TOGGLE_ZOOM&quot;:&quot;Toggle zoom level&quot;,&quot;TOGGLE_THUMBS&quot;:&quot;Toggle thumbnails&quot;,&quot;TOGGLE_SLIDESHOW&quot;:&quot;Toggle slideshow&quot;,&quot;TOGGLE_FULLSCREEN&quot;:&quot;Toggle full-screen mode&quot;},&quot;Images&quot;:{&quot;Panzoom&quot;:{&quot;maxScale&quot;:2}},&quot;mainClass&quot;:&quot;modula-fancybox-container modula-lightbox-jtg-154&quot;,&quot;Html&quot;:{&quot;videoAutoplay&quot;:0,&quot;videoTpl&quot;:&quot;&lt;video class=\\&quot;fancybox__html5video\\&quot; controls muted playsinline controlsList controlsList=\\&quot;nodownload\\&quot; poster=\\&quot;{{poster}}\\&quot; src=\\&quot;{{src}}\\&quot; type=\\&quot;{{format}}\\&quot; &gt;  Sorry, your browser doesn&#039;t support embedded videos, &lt;a href=\\&quot;{{src}}\\&quot;&gt; download &lt;\\\/a&gt; and watch with your favorite video player! &lt;\\\/video&gt;&quot;}},&quot;inView&quot;:false,&quot;email_subject&quot;:&quot;Check out this awesome image !!&quot;,&quot;email_message&quot;:&quot;Here is the link to the image : %%image_link%% and this is the link to the gallery : %%gallery_link%%&quot;,&quot;grid_type&quot;:&quot;2&quot;,&quot;rowHeight&quot;:250,&quot;lastRow&quot;:&quot;justify&quot;,&quot;lightbox&quot;:&quot;fancybox&quot;}\">\n\n\t<div class=\"modula-grid-sizer\"> <\/div>\n\t<div  class=\"modula-items grid-gallery\">\n\t\t<div class=\"modula-item\" >\n\t<div class=\"modula-item-content\">\n\t\t\n\t\t\t\t\t<a data-image-id=\"160\" tabindex=\"0\" rel=\"jtg-154\" data-caption=\"\" aria-label=\"Open image in lightbox\" role=\"button\" class=\"tile-inner modula-item-link\"><\/a>\n\t\t\n\t\t<img class=\"pic wp-image-160 lazyload\"  data-valign=\"middle\" data-halign=\"center\" alt=\"\" data-full=\"https:\/\/www.vom-wylerhof.ch\/wp-content\/uploads\/2021\/06\/Feyer_Kurt.jpg\" title=\"Feyer_Kurt\" width=\"750\" height=\"563\" data-src=\"https:\/\/www.vom-wylerhof.ch\/wp-content\/uploads\/2021\/06\/Feyer_Kurt-1024x768.jpg\" data-caption=\"\" data-source=\"modula\" data-srcset=\"https:\/\/www.vom-wylerhof.ch\/wp-content\/uploads\/2021\/06\/Feyer_Kurt.jpg 1200w, https:\/\/www.vom-wylerhof.ch\/wp-content\/uploads\/2021\/06\/Feyer_Kurt-300x225.jpg 300w, https:\/\/www.vom-wylerhof.ch\/wp-content\/uploads\/2021\/06\/Feyer_Kurt-1024x768.jpg 1024w, https:\/\/www.vom-wylerhof.ch\/wp-content\/uploads\/2021\/06\/Feyer_Kurt-768x576.jpg 768w\" data-sizes=\"(max-width: 750px) 100vw, 750px\" srcset=\"https:\/\/www.vom-wylerhof.ch\/wp-content\/uploads\/2021\/06\/Feyer_Kurt-1024x768.jpg 1024w, https:\/\/www.vom-wylerhof.ch\/wp-content\/uploads\/2021\/06\/Feyer_Kurt-300x225.jpg 300w, https:\/\/www.vom-wylerhof.ch\/wp-content\/uploads\/2021\/06\/Feyer_Kurt-768x576.jpg 768w, https:\/\/www.vom-wylerhof.ch\/wp-content\/uploads\/2021\/06\/Feyer_Kurt.jpg 1200w\" sizes=\"(max-width: 750px) 100vw, 750px\" \/>\n\t<\/div>\n\n<\/div><div class=\"modula-item\" >\n\t<div class=\"modula-item-content\">\n\t\t\n\t\t\t\t\t<a data-image-id=\"161\" tabindex=\"0\" rel=\"jtg-154\" data-caption=\"\" aria-label=\"Open image in lightbox\" role=\"button\" class=\"tile-inner modula-item-link\"><\/a>\n\t\t\n\t\t<img class=\"pic wp-image-161 lazyload\"  data-valign=\"middle\" data-halign=\"center\" alt=\"\" data-full=\"https:\/\/www.vom-wylerhof.ch\/wp-content\/uploads\/2021\/06\/Buchs_Marius.jpg\" title=\"Buchs_Marius\" width=\"750\" height=\"563\" data-src=\"https:\/\/www.vom-wylerhof.ch\/wp-content\/uploads\/2021\/06\/Buchs_Marius-1024x768.jpg\" data-caption=\"\" data-source=\"modula\" data-srcset=\"https:\/\/www.vom-wylerhof.ch\/wp-content\/uploads\/2021\/06\/Buchs_Marius.jpg 2048w, https:\/\/www.vom-wylerhof.ch\/wp-content\/uploads\/2021\/06\/Buchs_Marius-300x225.jpg 300w, https:\/\/www.vom-wylerhof.ch\/wp-content\/uploads\/2021\/06\/Buchs_Marius-1024x768.jpg 1024w, https:\/\/www.vom-wylerhof.ch\/wp-content\/uploads\/2021\/06\/Buchs_Marius-768x576.jpg 768w, https:\/\/www.vom-wylerhof.ch\/wp-content\/uploads\/2021\/06\/Buchs_Marius-1536x1152.jpg 1536w, https:\/\/www.vom-wylerhof.ch\/wp-content\/uploads\/2021\/06\/Buchs_Marius-1568x1176.jpg 1568w\" data-sizes=\"(max-width: 750px) 100vw, 750px\" srcset=\"https:\/\/www.vom-wylerhof.ch\/wp-content\/uploads\/2021\/06\/Buchs_Marius-1024x768.jpg 1024w, https:\/\/www.vom-wylerhof.ch\/wp-content\/uploads\/2021\/06\/Buchs_Marius-300x225.jpg 300w, https:\/\/www.vom-wylerhof.ch\/wp-content\/uploads\/2021\/06\/Buchs_Marius-768x576.jpg 768w, https:\/\/www.vom-wylerhof.ch\/wp-content\/uploads\/2021\/06\/Buchs_Marius-1536x1152.jpg 1536w, https:\/\/www.vom-wylerhof.ch\/wp-content\/uploads\/2021\/06\/Buchs_Marius-1568x1176.jpg 1568w, https:\/\/www.vom-wylerhof.ch\/wp-content\/uploads\/2021\/06\/Buchs_Marius.jpg 2048w\" sizes=\"(max-width: 750px) 100vw, 750px\" \/>\n\t<\/div>\n\n<\/div><div class=\"modula-item\" >\n\t<div class=\"modula-item-content\">\n\t\t\n\t\t\t\t\t<a data-image-id=\"166\" tabindex=\"0\" rel=\"jtg-154\" data-caption=\"\" aria-label=\"Open image in lightbox\" role=\"button\" class=\"tile-inner modula-item-link\"><\/a>\n\t\t\n\t\t<img class=\"pic wp-image-166 lazyload\"  data-valign=\"middle\" data-halign=\"center\" alt=\"\" data-full=\"https:\/\/www.vom-wylerhof.ch\/wp-content\/uploads\/2021\/06\/Jutzet_Bruno-1.jpg\" title=\"Jutzet_Bruno\" width=\"576\" height=\"432\" data-src=\"https:\/\/www.vom-wylerhof.ch\/wp-content\/uploads\/2021\/06\/Jutzet_Bruno-1.jpg\" data-caption=\"\" data-source=\"modula\" data-srcset=\"https:\/\/www.vom-wylerhof.ch\/wp-content\/uploads\/2021\/06\/Jutzet_Bruno-1.jpg 576w, https:\/\/www.vom-wylerhof.ch\/wp-content\/uploads\/2021\/06\/Jutzet_Bruno-1-300x225.jpg 300w\" data-sizes=\"(max-width: 576px) 100vw, 576px\" srcset=\"https:\/\/www.vom-wylerhof.ch\/wp-content\/uploads\/2021\/06\/Jutzet_Bruno-1.jpg 576w, https:\/\/www.vom-wylerhof.ch\/wp-content\/uploads\/2021\/06\/Jutzet_Bruno-1-300x225.jpg 300w\" sizes=\"(max-width: 576px) 100vw, 576px\" \/>\n\t<\/div>\n\n<\/div><div class=\"modula-item\" >\n\t<div class=\"modula-item-content\">\n\t\t\n\t\t\t\t\t<a data-image-id=\"192\" tabindex=\"0\" rel=\"jtg-154\" data-caption=\"\" aria-label=\"Open image in lightbox\" role=\"button\" class=\"tile-inner modula-item-link\"><\/a>\n\t\t\n\t\t<img class=\"pic wp-image-192 lazyload\"  data-valign=\"middle\" data-halign=\"center\" alt=\"\" data-full=\"https:\/\/www.vom-wylerhof.ch\/wp-content\/uploads\/2023\/04\/IMG_2044.jpg\" title=\"IMG_2044\" width=\"750\" height=\"560\" data-src=\"https:\/\/www.vom-wylerhof.ch\/wp-content\/uploads\/2023\/04\/IMG_2044-1024x764.jpg\" data-caption=\"\" data-source=\"modula\" data-srcset=\"https:\/\/www.vom-wylerhof.ch\/wp-content\/uploads\/2023\/04\/IMG_2044-scaled.jpg 2560w, https:\/\/www.vom-wylerhof.ch\/wp-content\/uploads\/2023\/04\/IMG_2044-300x224.jpg 300w, https:\/\/www.vom-wylerhof.ch\/wp-content\/uploads\/2023\/04\/IMG_2044-1024x764.jpg 1024w, https:\/\/www.vom-wylerhof.ch\/wp-content\/uploads\/2023\/04\/IMG_2044-768x573.jpg 768w, https:\/\/www.vom-wylerhof.ch\/wp-content\/uploads\/2023\/04\/IMG_2044-1536x1146.jpg 1536w, https:\/\/www.vom-wylerhof.ch\/wp-content\/uploads\/2023\/04\/IMG_2044-2048x1528.jpg 2048w, https:\/\/www.vom-wylerhof.ch\/wp-content\/uploads\/2023\/04\/IMG_2044-1568x1170.jpg 1568w\" data-sizes=\"(max-width: 750px) 100vw, 750px\" srcset=\"https:\/\/www.vom-wylerhof.ch\/wp-content\/uploads\/2023\/04\/IMG_2044-1024x764.jpg 1024w, https:\/\/www.vom-wylerhof.ch\/wp-content\/uploads\/2023\/04\/IMG_2044-300x224.jpg 300w, https:\/\/www.vom-wylerhof.ch\/wp-content\/uploads\/2023\/04\/IMG_2044-768x573.jpg 768w, https:\/\/www.vom-wylerhof.ch\/wp-content\/uploads\/2023\/04\/IMG_2044-1536x1146.jpg 1536w, https:\/\/www.vom-wylerhof.ch\/wp-content\/uploads\/2023\/04\/IMG_2044-2048x1528.jpg 2048w, https:\/\/www.vom-wylerhof.ch\/wp-content\/uploads\/2023\/04\/IMG_2044-1568x1170.jpg 1568w\" sizes=\"(max-width: 750px) 100vw, 750px\" \/>\n\t<\/div>\n\n<\/div><div class=\"modula-item\" >\n\t<div class=\"modula-item-content\">\n\t\t\n\t\t\t\t\t<a data-image-id=\"158\" tabindex=\"0\" rel=\"jtg-154\" data-caption=\"\" aria-label=\"Open image in lightbox\" role=\"button\" class=\"tile-inner modula-item-link\"><\/a>\n\t\t\n\t\t<img class=\"pic wp-image-158 lazyload\"  data-valign=\"middle\" data-halign=\"center\" alt=\"\" data-full=\"https:\/\/www.vom-wylerhof.ch\/wp-content\/uploads\/2021\/06\/Vonlanten_Josef2.jpg\" title=\"Vonlanten_Josef2\" width=\"750\" height=\"563\" data-src=\"https:\/\/www.vom-wylerhof.ch\/wp-content\/uploads\/2021\/06\/Vonlanten_Josef2-1024x768.jpg\" data-caption=\"\" data-source=\"modula\" data-srcset=\"https:\/\/www.vom-wylerhof.ch\/wp-content\/uploads\/2021\/06\/Vonlanten_Josef2.jpg 1284w, https:\/\/www.vom-wylerhof.ch\/wp-content\/uploads\/2021\/06\/Vonlanten_Josef2-300x225.jpg 300w, https:\/\/www.vom-wylerhof.ch\/wp-content\/uploads\/2021\/06\/Vonlanten_Josef2-1024x768.jpg 1024w, https:\/\/www.vom-wylerhof.ch\/wp-content\/uploads\/2021\/06\/Vonlanten_Josef2-768x576.jpg 768w\" data-sizes=\"(max-width: 750px) 100vw, 750px\" srcset=\"https:\/\/www.vom-wylerhof.ch\/wp-content\/uploads\/2021\/06\/Vonlanten_Josef2-1024x768.jpg 1024w, https:\/\/www.vom-wylerhof.ch\/wp-content\/uploads\/2021\/06\/Vonlanten_Josef2-300x225.jpg 300w, https:\/\/www.vom-wylerhof.ch\/wp-content\/uploads\/2021\/06\/Vonlanten_Josef2-768x576.jpg 768w, https:\/\/www.vom-wylerhof.ch\/wp-content\/uploads\/2021\/06\/Vonlanten_Josef2.jpg 1284w\" sizes=\"(max-width: 750px) 100vw, 750px\" \/>\n\t<\/div>\n\n<\/div>\t\t\n\t<\/div>\n\n\t\n\t\n\t<script type=\"application\/ld+json\">\n\t{\n\t\t\"@context\": \"http:\/\/schema.org\",\n\t\t\"@type\"   : \"ImageGallery\",\n\t\t\"id\"      : \"https:\/\/www.vom-wylerhof.ch\/fr\/kontakt\/\",\n\t\t\"url\"     : \"https:\/\/www.vom-wylerhof.ch\/fr\/kontakt\/\"\n\t}\n\n\t<\/script>\n\n\t\n<\/div>\n\n\n\n<p>Nous sommes tr\u00e8s heureux de r\u00e9pondre \u00e0 toutes vos questions ou de vous fournir des informations.<\/p>\n\n\n\n<div class=\"wp-block-contact-form-7-contact-form-selector\">\n<div class=\"wpcf7 no-js\" id=\"wpcf7-f147-o1\" lang=\"de-CH\" dir=\"ltr\" data-wpcf7-id=\"147\">\n<div class=\"screen-reader-response\"><p role=\"status\" aria-live=\"polite\" aria-atomic=\"true\"><\/p> <ul><\/ul><\/div>\n<form action=\"\/fr\/wp-json\/wp\/v2\/pages\/93#wpcf7-f147-o1\" method=\"post\" class=\"wpcf7-form init\" aria-label=\"Contact form\" novalidate=\"novalidate\" data-status=\"init\">\n<div style=\"display: none;\">\n<input type=\"hidden\" name=\"_wpcf7\" value=\"147\" \/>\n<input type=\"hidden\" name=\"_wpcf7_version\" value=\"6.0.6\" \/>\n<input type=\"hidden\" name=\"_wpcf7_locale\" value=\"de_CH_informal\" \/>\n<input type=\"hidden\" name=\"_wpcf7_unit_tag\" value=\"wpcf7-f147-o1\" \/>\n<input type=\"hidden\" name=\"_wpcf7_container_post\" value=\"0\" \/>\n<input type=\"hidden\" name=\"_wpcf7_posted_data_hash\" value=\"\" \/>\n<input type=\"hidden\" name=\"_wpcf7_recaptcha_response\" value=\"\" \/>\n<\/div>\n<p><label> Nom*<br \/>\n<span class=\"wpcf7-form-control-wrap\" data-name=\"your-name\"><input size=\"40\" maxlength=\"400\" class=\"wpcf7-form-control wpcf7-text wpcf7-validates-as-required\" aria-required=\"true\" aria-invalid=\"false\" value=\"\" type=\"text\" name=\"your-name\" \/><\/span> <\/label>\n<\/p>\n<p><label> E-Mail*<br \/>\n<span class=\"wpcf7-form-control-wrap\" data-name=\"your-email\"><input size=\"40\" maxlength=\"400\" class=\"wpcf7-form-control wpcf7-email wpcf7-validates-as-required wpcf7-text wpcf7-validates-as-email\" aria-required=\"true\" aria-invalid=\"false\" value=\"\" type=\"email\" name=\"your-email\" \/><\/span> <\/label>\n<\/p>\n<p><label> Object*<br \/>\n<span class=\"wpcf7-form-control-wrap\" data-name=\"your-subject\"><input size=\"40\" maxlength=\"400\" class=\"wpcf7-form-control wpcf7-text wpcf7-validates-as-required\" aria-required=\"true\" aria-invalid=\"false\" value=\"\" type=\"text\" name=\"your-subject\" \/><\/span> <\/label>\n<\/p>\n<p><label> Message<br \/>\n<span class=\"wpcf7-form-control-wrap\" data-name=\"your-message\"><textarea cols=\"40\" rows=\"10\" maxlength=\"2000\" class=\"wpcf7-form-control wpcf7-textarea\" aria-invalid=\"false\" name=\"your-message\"><\/textarea><\/span> <\/label>\n<\/p>\n<p><input class=\"wpcf7-form-control wpcf7-submit has-spinner\" type=\"submit\" value=\"Envoyer\" \/>\n<\/p><p style=\"display: none !important;\" class=\"akismet-fields-container\" data-prefix=\"_wpcf7_ak_\"><label>&#916;<textarea name=\"_wpcf7_ak_hp_textarea\" cols=\"45\" rows=\"8\" maxlength=\"100\"><\/textarea><\/label><input type=\"hidden\" id=\"ak_js_1\" name=\"_wpcf7_ak_js\" value=\"168\"\/><script>document.getElementById( \"ak_js_1\" ).setAttribute( \"value\", ( new Date() ).getTime() );<\/script><\/p><div class=\"wpcf7-response-output\" aria-hidden=\"true\"><\/div>\n<\/form>\n<\/div>\n<\/div>\n","protected":false},"excerpt":{"rendered":"<p>Contact Nous sommes tr\u00e8s heureux de r\u00e9pondre \u00e0 toutes vos questions ou de vous fournir des informations.<\/p>\n","protected":false},"author":1,"featured_media":0,"parent":0,"menu_order":0,"comment_status":"closed","ping_status":"closed","template":"","meta":{"footnotes":""},"class_list":["post-93","page","type-page","status-publish","hentry","entry"],"translation":{"provider":"WPGlobus","version":"3.0.0","language":"fr","enabled_languages":["de","fr"],"languages":{"de":{"title":true,"content":true,"excerpt":false},"fr":{"title":true,"content":true,"excerpt":false}}},"_links":{"self":[{"href":"https:\/\/www.vom-wylerhof.ch\/fr\/wp-json\/wp\/v2\/pages\/93","targetHints":{"allow":["GET"]}}],"collection":[{"href":"https:\/\/www.vom-wylerhof.ch\/fr\/wp-json\/wp\/v2\/pages"}],"about":[{"href":"https:\/\/www.vom-wylerhof.ch\/fr\/wp-json\/wp\/v2\/types\/page"}],"author":[{"embeddable":true,"href":"https:\/\/www.vom-wylerhof.ch\/fr\/wp-json\/wp\/v2\/users\/1"}],"replies":[{"embeddable":true,"href":"https:\/\/www.vom-wylerhof.ch\/fr\/wp-json\/wp\/v2\/comments?post=93"}],"version-history":[{"count":7,"href":"https:\/\/www.vom-wylerhof.ch\/fr\/wp-json\/wp\/v2\/pages\/93\/revisions"}],"predecessor-version":[{"id":165,"href":"https:\/\/www.vom-wylerhof.ch\/fr\/wp-json\/wp\/v2\/pages\/93\/revisions\/165"}],"wp:attachment":[{"href":"https:\/\/www.vom-wylerhof.ch\/fr\/wp-json\/wp\/v2\/media?parent=93"}],"curies":[{"name":"wp","href":"https:\/\/api.w.org\/{rel}","templated":true}]}}