{"id":2,"date":"2021-05-05T18:00:49","date_gmt":"2021-05-05T18:00:49","guid":{"rendered":"https:\/\/www.vom-wylerhof.ch\/?page_id=2"},"modified":"2026-03-20T19:49:39","modified_gmt":"2026-03-20T19:49:39","slug":"bestellen","status":"publish","type":"page","link":"https:\/\/www.vom-wylerhof.ch\/fr\/bestellen\/","title":{"rendered":"Commander"},"content":{"rendered":"\n<h3 class=\"wp-block-heading has-text-align-left\">Viande de volaille<\/h3>\n\n\n\n<p>Veuillez s.v.p. nous passer vos commandes jusqu\u2019au <strong>14 ao\u00fbt 2026<\/strong>. La date de retrait est au <strong>6\/7 novembre 2026<\/strong> chez nous \u00e0 l\u2019exploitation (\u00ab Journ\u00e9e du poulet \u00bb).<\/p>\n\n\n\n<div class=\"wp-block-contact-form-7-contact-form-selector\">\n<div class=\"wpcf7 no-js\" id=\"wpcf7-f145-o1\" lang=\"de-CH\" dir=\"ltr\" data-wpcf7-id=\"145\">\n<div class=\"screen-reader-response\"><p role=\"status\" aria-live=\"polite\" aria-atomic=\"true\"><\/p> <ul><\/ul><\/div>\n<form action=\"\/fr\/wp-json\/wp\/v2\/pages\/2#wpcf7-f145-o1\" method=\"post\" class=\"wpcf7-form init\" aria-label=\"Contact form\" novalidate=\"novalidate\" data-status=\"init\">\n<div style=\"display: none;\">\n<input type=\"hidden\" name=\"_wpcf7\" value=\"145\" \/>\n<input type=\"hidden\" name=\"_wpcf7_version\" value=\"6.0.6\" \/>\n<input type=\"hidden\" name=\"_wpcf7_locale\" value=\"de_CH_informal\" \/>\n<input type=\"hidden\" name=\"_wpcf7_unit_tag\" value=\"wpcf7-f145-o1\" \/>\n<input type=\"hidden\" name=\"_wpcf7_container_post\" value=\"0\" \/>\n<input type=\"hidden\" name=\"_wpcf7_posted_data_hash\" value=\"\" \/>\n<input type=\"hidden\" name=\"_wpcf7_recaptcha_response\" value=\"\" \/>\n<\/div>\n<!-- <span class=\"badge-neu\">nouveau<\/span> -->\n<table>\n\t<th width=\"31%\">\n\t\t<p>Produit\n\t\t<\/p>\n\t<\/th>\n\t<th width=\"18%\">\n\t\t<p>Prix au kg\n\t\t<\/p>\n\t<\/th>\n\t<th style=\"text-align:right;\">\n\t\t<p>Unit\u00e9s command\u00e9es\n\t\t<\/p>\n\t<\/th>\n\t<tr>\n\t\t<td>\n\t\t\t<p>Saucisse \u00e0 r\u00f4tir,<br \/>\ntype blanche (homog\u00e9n\u00e9is\u00e9e)\n\t\t\t<\/p>\n\t\t<\/td>\n\t\t<td>\n\t\t\t<p>Fr. 32.-\n\t\t\t<\/p>\n\t\t<\/td>\n\t\t<td style=\"text-align:right;\">\n\t\t\t<p><label> 2 pi\u00e8ces <span class=\"wpcf7-form-control-wrap\" data-name=\"number-Bratwurstfein-2Stk\"><input class=\"wpcf7-form-control wpcf7-number wpcf7-validates-as-number\" min=\"0\" aria-invalid=\"false\" placeholder=\"0\" value=\"\" type=\"number\" name=\"number-Bratwurstfein-2Stk\" \/><\/span><\/label>\n\t\t\t<\/p>\n\t\t<\/td>\n\t<\/tr>\n\t<tr>\n\t\t<td>\n\t\t\t<p>Saucisse \u00e0 r\u00f4tir\n\t\t\t<\/p>\n\t\t<\/td>\n\t\t<td>\n\t\t\t<p>Fr. 32.-\n\t\t\t<\/p>\n\t\t<\/td>\n\t\t<td style=\"text-align:right;\">\n\t\t\t<p><label>2 pi\u00e8ces <span class=\"wpcf7-form-control-wrap\" data-name=\"number-Bratwurstgrob-2Stk\"><input class=\"wpcf7-form-control wpcf7-number wpcf7-validates-as-number\" min=\"0\" aria-invalid=\"false\" placeholder=\"0\" value=\"\" type=\"number\" name=\"number-Bratwurstgrob-2Stk\" \/><\/span><\/label>\n\t\t\t<\/p>\n\t\t<\/td>\n\t<\/tr>\n\t<tr>\n\t\t<td>\n\t\t\t<p>Fromage d'Italie<br \/>\nen barquette en carton\n\t\t\t<\/p>\n\t\t<\/td>\n\t\t<td>\n\t\t\t<p>Fr. 32.-\n\t\t\t<\/p>\n\t\t<\/td>\n\t\t<td style=\"text-align:right;\">\n\t\t\t<p><label>500g <span class=\"wpcf7-form-control-wrap\" data-name=\"number-Fleischkaese\"><input class=\"wpcf7-form-control wpcf7-number wpcf7-validates-as-number\" min=\"0\" aria-invalid=\"false\" placeholder=\"0\" value=\"\" type=\"number\" name=\"number-Fleischkaese\" \/><\/span><\/label>\n\t\t\t<\/p>\n\t\t<\/td>\n\t<\/tr>\n\t<tr>\n\t\t<td>\n\t\t\t<p>Pain de viande<br \/>\nen barquette en carton\n\t\t\t<\/p>\n\t\t<\/td>\n\t\t<td>\n\t\t\t<p>Fr. 32.-\n\t\t\t<\/p>\n\t\t<\/td>\n\t\t<td style=\"text-align:right;\">\n\t\t\t<p><label>500g <span class=\"wpcf7-form-control-wrap\" data-name=\"number-Hackbraten\"><input class=\"wpcf7-form-control wpcf7-number wpcf7-validates-as-number\" min=\"0\" aria-invalid=\"false\" placeholder=\"0\" value=\"\" type=\"number\" name=\"number-Hackbraten\" \/><\/span><\/label>\n\t\t\t<\/p>\n\t\t<\/td>\n\t<\/tr>\n\t<tr>\n\t\t<td>\n\t\t\t<p>Galettes de hamburger\n\t\t\t<\/p>\n\t\t<\/td>\n\t\t<td>\n\t\t\t<p>Fr. 32.-\n\t\t\t<\/p>\n\t\t<\/td>\n\t\t<td style=\"text-align:right;\">\n\t\t\t<p><label>2 pi\u00e8ces <span class=\"wpcf7-form-control-wrap\" data-name=\"number-Hamburger-2Stk\"><input class=\"wpcf7-form-control wpcf7-number wpcf7-validates-as-number\" min=\"0\" aria-invalid=\"false\" placeholder=\"0\" value=\"\" type=\"number\" name=\"number-Hamburger-2Stk\" \/><\/span><\/label>\n\t\t\t<\/p>\n\t\t<\/td>\n\t<\/tr>\n\t<tr>\n\t\t<td rowspan=\"2\">\n\t\t\t<p>Poitrine de poulet\n\t\t\t<\/p>\n\t\t<\/td>\n\t\t<td>\n\t\t\t<p>Fr. 45.-\n\t\t\t<\/p>\n\t\t<\/td>\n\t\t<td style=\"text-align:right;\">\n\t\t\t<p><label>2 pi\u00e8ces (entier) <span class=\"wpcf7-form-control-wrap\" data-name=\"number-Brustfilet-ganz\"><input class=\"wpcf7-form-control wpcf7-number wpcf7-validates-as-number\" min=\"0\" aria-invalid=\"false\" placeholder=\"0\" value=\"\" type=\"number\" name=\"number-Brustfilet-ganz\" \/><\/span><\/label>\n\t\t\t<\/p>\n\t\t<\/td>\n\t<\/tr>\n\t<tr>\n\t\t<td>\n\t\t\t<p>Fr. 45.-\n\t\t\t<\/p>\n\t\t<\/td>\n\t\t<td style=\"text-align:right;\">\n\t\t\t<p><label>2 pi\u00e8ces (env. 230g) <span class=\"wpcf7-form-control-wrap\" data-name=\"number-Brustfilet-230\"><input class=\"wpcf7-form-control wpcf7-number wpcf7-validates-as-number\" min=\"0\" aria-invalid=\"false\" placeholder=\"0\" value=\"\" type=\"number\" name=\"number-Brustfilet-230\" \/><\/span><\/label>\n\t\t\t<\/p>\n\t\t<\/td>\n\t<\/tr>\n\t<tr>\n\t\t<td rowspan=\"2\">\n\t\t\t<p>Steak de poulet\n\t\t\t<\/p>\n\t\t<\/td>\n\t\t<td>\n\t\t\t<p>Fr. 36.-\n\t\t\t<\/p>\n\t\t<\/td>\n\t\t<td style=\"text-align:right;\">\n\t\t\t<p><label>2 pi\u00e8ces (nature)<span class=\"wpcf7-form-control-wrap\" data-name=\"number-Steak-nature\"><input class=\"wpcf7-form-control wpcf7-number wpcf7-validates-as-number\" min=\"0\" aria-invalid=\"false\" placeholder=\"0\" value=\"\" type=\"number\" name=\"number-Steak-nature\" \/><\/span><\/label>\n\t\t\t<\/p>\n\t\t<\/td>\n\t<\/tr>\n\t<tr>\n\t\t<td>\n\t\t\t<p>Fr. 38.-\n\t\t\t<\/p>\n\t\t<\/td>\n\t\t<td style=\"text-align:right;\">\n\t\t\t<p><label>2 pi\u00e8ces (marin\u00e9)<span class=\"wpcf7-form-control-wrap\" data-name=\"number-Steak-mariniert\"><input class=\"wpcf7-form-control wpcf7-number wpcf7-validates-as-number\" min=\"0\" aria-invalid=\"false\" placeholder=\"0\" value=\"\" type=\"number\" name=\"number-Steak-mariniert\" \/><\/span><\/label>\n\t\t\t<\/p>\n\t\t<\/td>\n\t<\/tr>\n\t<tr>\n\t\t<td>\n\t\t\t<p>Cuisse de poulet\n\t\t\t<\/p>\n\t\t<\/td>\n\t\t<td>\n\t\t\t<p>Fr. 26.-\n\t\t\t<\/p>\n\t\t<\/td>\n\t\t<td style=\"text-align:right;\">\n\t\t\t<p><label>2 pi\u00e8ces <span class=\"wpcf7-form-control-wrap\" data-name=\"number-Schenkel-2Stk\"><input class=\"wpcf7-form-control wpcf7-number wpcf7-validates-as-number\" min=\"0\" aria-invalid=\"false\" placeholder=\"0\" value=\"\" type=\"number\" name=\"number-Schenkel-2Stk\" \/><\/span><\/label>\n\t\t\t<\/p>\n\t\t<\/td>\n\t<\/tr>\n\t<tr>\n\t\t<td>\n\t\t\t<p>Poulet \u00e9minc\u00e9\n\t\t\t<\/p>\n\t\t<\/td>\n\t\t<td>\n\t\t\t<p>Fr. 33.-\n\t\t\t<\/p>\n\t\t<\/td>\n\t\t<td style=\"text-align:right;\">\n\t\t\t<p><label>300g <span class=\"wpcf7-form-control-wrap\" data-name=\"number-Geschnetzeltes-300g\"><input class=\"wpcf7-form-control wpcf7-number wpcf7-validates-as-number\" min=\"0\" aria-invalid=\"false\" placeholder=\"0\" value=\"\" type=\"number\" name=\"number-Geschnetzeltes-300g\" \/><\/span><\/label>\n\t\t\t<\/p>\n\t\t<\/td>\n\t<\/tr>\n\t<tr>\n\t\t<td>\n\t\t\t<p>Viande hach\u00e9e\n\t\t\t<\/p>\n\t\t<\/td>\n\t\t<td>\n\t\t\t<p>Fr. 24.-\n\t\t\t<\/p>\n\t\t<\/td>\n\t\t<td style=\"text-align:right;\">\n\t\t\t<p><label>300g <span class=\"wpcf7-form-control-wrap\" data-name=\"number-Hackfleisch-300g\"><input class=\"wpcf7-form-control wpcf7-number wpcf7-validates-as-number\" min=\"0\" aria-invalid=\"false\" placeholder=\"0\" value=\"\" type=\"number\" name=\"number-Hackfleisch-300g\" \/><\/span><\/label>\n\t\t\t<\/p>\n\t\t<\/td>\n\t<\/tr>\n\t<tr>\n\t\t<td rowspan=\"2\">\n\t\t\t<p>Ailes de poulet\n\t\t\t<\/p>\n\t\t<\/td>\n\t\t<td>\n\t\t\t<p>Fr. 20.-\n\t\t\t<\/p>\n\t\t<\/td>\n\t\t<td style=\"text-align:right;\">\n\t\t\t<p><label>6 pi\u00e8ces (nature) <span class=\"wpcf7-form-control-wrap\" data-name=\"number-Fluegeli-nature\"><input class=\"wpcf7-form-control wpcf7-number wpcf7-validates-as-number\" min=\"0\" aria-invalid=\"false\" placeholder=\"0\" value=\"\" type=\"number\" name=\"number-Fluegeli-nature\" \/><\/span><\/label>\n\t\t\t<\/p>\n\t\t<\/td>\n\t<\/tr>\n\t<tr>\n\t\t<td>\n\t\t\t<p>Fr. 22.-\n\t\t\t<\/p>\n\t\t<\/td>\n\t\t<td style=\"text-align:right;\">\n\t\t\t<p><label>6 pi\u00e8ces (marin\u00e9) <span class=\"wpcf7-form-control-wrap\" data-name=\"number-Fluegeli-mariniert\"><input class=\"wpcf7-form-control wpcf7-number wpcf7-validates-as-number\" min=\"0\" aria-invalid=\"false\" placeholder=\"0\" value=\"\" type=\"number\" name=\"number-Fluegeli-mariniert\" \/><\/span><\/label>\n\t\t\t<\/p>\n\t\t<\/td>\n\t<\/tr>\n\t<tr>\n\t\t<td>\n\t\t\t<p>Paquet mixed: un peu de tout (sans ailes)\n\t\t\t<\/p>\n\t\t<\/td>\n\t\t<td>\n\t\t\t<p>Fr. 32.-\n\t\t\t<\/p>\n\t\t<\/td>\n\t\t<td style=\"text-align:right;\">\n\t\t\t<p><label>env. 6 kg <span class=\"wpcf7-form-control-wrap\" data-name=\"number-mischpaket\"><input class=\"wpcf7-form-control wpcf7-number wpcf7-validates-as-number\" min=\"0\" aria-invalid=\"false\" placeholder=\"0\" value=\"\" type=\"number\" name=\"number-mischpaket\" \/><\/span><\/label>\n\t\t\t<\/p>\n\t\t<\/td>\n\t<\/tr>\n<\/table>\n<p>La viande fra\u00eeche est emball\u00e9e sous vide en portions et peut donc sans autre \u00eatre congel\u00e9e. Pour chaque commande, nous vous offrons 6 \u0153ufs du Wylerhof. Nous nous r\u00e9servons le droit d'ajuster la commande en cas de retard de livraison.\n<\/p>\n<hr \/>\n<p><label>Nom*:<br \/>\n<span class=\"wpcf7-form-control-wrap\" data-name=\"vor-und-nachname\"><input size=\"40\" maxlength=\"400\" class=\"wpcf7-form-control wpcf7-text wpcf7-validates-as-required\" aria-required=\"true\" aria-invalid=\"false\" placeholder=\"nom et pr\u00e9nom\" value=\"\" type=\"text\" name=\"vor-und-nachname\" \/><\/span><\/label><br \/>\n<label>Rue*:<br \/>\n<span class=\"wpcf7-form-control-wrap\" data-name=\"strasse\"><input size=\"40\" maxlength=\"400\" class=\"wpcf7-form-control wpcf7-text wpcf7-validates-as-required\" aria-required=\"true\" aria-invalid=\"false\" placeholder=\"rue et num\u00e9ro de maison\" value=\"\" type=\"text\" name=\"strasse\" \/><\/span><\/label><br \/>\n<label>Lieu*:<br \/>\n<span class=\"wpcf7-form-control-wrap\" data-name=\"ort\"><input size=\"40\" maxlength=\"400\" class=\"wpcf7-form-control wpcf7-text wpcf7-validates-as-required\" aria-required=\"true\" aria-invalid=\"false\" placeholder=\"code postal et lieu\" value=\"\" type=\"text\" name=\"ort\" \/><\/span><\/label><br \/>\n<label>E-Mail*:<br \/>\n<span class=\"wpcf7-form-control-wrap\" data-name=\"your-email\"><input size=\"40\" maxlength=\"400\" class=\"wpcf7-form-control wpcf7-email wpcf7-validates-as-required wpcf7-text wpcf7-validates-as-email\" aria-required=\"true\" aria-invalid=\"false\" value=\"\" type=\"email\" name=\"your-email\" \/><\/span><\/label><br \/>\n<label>Num\u00e9ro de t\u00e9l\u00e9phone*:<br \/>\n<span class=\"wpcf7-form-control-wrap\" data-name=\"tel-568\"><input size=\"40\" maxlength=\"400\" class=\"wpcf7-form-control wpcf7-tel wpcf7-validates-as-required wpcf7-text wpcf7-validates-as-tel\" aria-required=\"true\" aria-invalid=\"false\" value=\"\" type=\"tel\" name=\"tel-568\" \/><\/span><\/label><br \/>\n<label>Remarques:<br \/>\n<span class=\"wpcf7-form-control-wrap\" data-name=\"your-message\"><textarea cols=\"40\" rows=\"10\" maxlength=\"2000\" class=\"wpcf7-form-control wpcf7-textarea\" aria-invalid=\"false\" name=\"your-message\"><\/textarea><\/span><\/label>\n<\/p>\n<p><input class=\"wpcf7-form-control wpcf7-submit has-spinner\" type=\"submit\" value=\"Commander\" \/>\n<\/p><p style=\"display: none !important;\" class=\"akismet-fields-container\" data-prefix=\"_wpcf7_ak_\"><label>&#916;<textarea name=\"_wpcf7_ak_hp_textarea\" cols=\"45\" rows=\"8\" maxlength=\"100\"><\/textarea><\/label><input type=\"hidden\" id=\"ak_js_1\" name=\"_wpcf7_ak_js\" value=\"95\"\/><script>document.getElementById( \"ak_js_1\" ).setAttribute( \"value\", ( new Date() ).getTime() );<\/script><\/p><div class=\"wpcf7-response-output\" aria-hidden=\"true\"><\/div>\n<\/form>\n<\/div>\n<\/div>\n","protected":false},"excerpt":{"rendered":"<p>Viande de volaille Veuillez s.v.p. nous passer vos commandes jusqu\u2019au 14 ao\u00fbt 2026. La date de retrait est au 6\/7 novembre 2026 chez nous \u00e0 l\u2019exploitation (\u00ab Journ\u00e9e du poulet \u00bb).<\/p>\n","protected":false},"author":1,"featured_media":0,"parent":0,"menu_order":0,"comment_status":"closed","ping_status":"open","template":"","meta":{"footnotes":""},"class_list":["post-2","page","type-page","status-publish","hentry","entry"],"translation":{"provider":"WPGlobus","version":"3.0.0","language":"fr","enabled_languages":["de","fr"],"languages":{"de":{"title":true,"content":true,"excerpt":false},"fr":{"title":true,"content":true,"excerpt":false}}},"_links":{"self":[{"href":"https:\/\/www.vom-wylerhof.ch\/fr\/wp-json\/wp\/v2\/pages\/2","targetHints":{"allow":["GET"]}}],"collection":[{"href":"https:\/\/www.vom-wylerhof.ch\/fr\/wp-json\/wp\/v2\/pages"}],"about":[{"href":"https:\/\/www.vom-wylerhof.ch\/fr\/wp-json\/wp\/v2\/types\/page"}],"author":[{"embeddable":true,"href":"https:\/\/www.vom-wylerhof.ch\/fr\/wp-json\/wp\/v2\/users\/1"}],"replies":[{"embeddable":true,"href":"https:\/\/www.vom-wylerhof.ch\/fr\/wp-json\/wp\/v2\/comments?post=2"}],"version-history":[{"count":25,"href":"https:\/\/www.vom-wylerhof.ch\/fr\/wp-json\/wp\/v2\/pages\/2\/revisions"}],"predecessor-version":[{"id":221,"href":"https:\/\/www.vom-wylerhof.ch\/fr\/wp-json\/wp\/v2\/pages\/2\/revisions\/221"}],"wp:attachment":[{"href":"https:\/\/www.vom-wylerhof.ch\/fr\/wp-json\/wp\/v2\/media?parent=2"}],"curies":[{"name":"wp","href":"https:\/\/api.w.org\/{rel}","templated":true}]}}